{"id":37,"date":"2025-03-11T15:37:39","date_gmt":"2025-03-11T15:37:39","guid":{"rendered":"https:\/\/hoefle-brandschutz.at\/?page_id=37"},"modified":"2025-03-25T08:24:43","modified_gmt":"2025-03-25T08:24:43","slug":"impressum","status":"publish","type":"page","link":"https:\/\/hoefle-brandschutz.at\/?page_id=37","title":{"rendered":"Impressum"},"content":{"rendered":"\n<p class=\"has-contrast-color has-text-color has-link-color wp-elements-389068b1950d53f71a0bd1362f3803a0\"><br><strong>Impressum<\/strong><\/p>\n\n\n\n<hr class=\"wp-block-separator alignfull has-text-color has-contrast-color has-alpha-channel-opacity has-contrast-background-color has-background\"\/>\n\n\n\n<p><strong>&nbsp;Ihr zuverl\u00e4ssiger Partner f\u00fcr Brandabschottungen &amp; RWA-Systeme<\/strong><\/p>\n\n\n\n<p>Firmenanschrift:<br>H\u00f6fle Brandschutz GmbH<br>Franz-Michael-Felderstra\u00dfe 6<br>A-6845 Hohenems<\/p>\n\n\n\n<p>UID-Nr.: ATU65580409<br>Firmenbuchnummer: FN 343284 f<\/p>\n\n\n\n<p>Tel. &amp; Fax: 43 (0) 5576 723 17<br>Mobil: 43 (0) 664 270 68 03<br>E-Mail:&nbsp;<a href=\"https:\/\/web.archive.org\/web\/20240423104716\/mailto:office@hoefle-brandschutz.at\">office@hoefle-brandschutz.at<\/a><br>Home:&nbsp;<a href=\"https:\/\/web.archive.org\/web\/20240423104716\/https:\/\/hoefle-brandschutz.at\/\">www.hoefle-brandschutz.at<\/a><\/p>\n\n\n\n<p><\/p>\n","protected":false},"excerpt":{"rendered":"<p>Impressum &nbsp;Ihr zuverl\u00e4ssiger Partner f\u00fcr Brandabschottungen &amp; RWA-Systeme Firmenanschrift:H\u00f6fle Brandschutz GmbHFranz-Michael-Felderstra\u00dfe 6A-6845 Hohenems UID-Nr.: ATU65580409Firmenbuchnummer: FN 343284 f Tel. &amp; Fax: 43 (0) 5576 723 17Mobil: 43 (0) 664 270 68 03E-Mail:&nbsp;office@hoefle-brandschutz.atHome:&nbsp;www.hoefle-brandschutz.at<\/p>\n","protected":false},"author":1,"featured_media":0,"parent":0,"menu_order":0,"comment_status":"closed","ping_status":"closed","template":"page-no-title","meta":{"footnotes":""},"class_list":["post-37","page","type-page","status-publish","hentry"],"_links":{"self":[{"href":"https:\/\/hoefle-brandschutz.at\/index.php?rest_route=\/wp\/v2\/pages\/37","targetHints":{"allow":["GET"]}}],"collection":[{"href":"https:\/\/hoefle-brandschutz.at\/index.php?rest_route=\/wp\/v2\/pages"}],"about":[{"href":"https:\/\/hoefle-brandschutz.at\/index.php?rest_route=\/wp\/v2\/types\/page"}],"author":[{"embeddable":true,"href":"https:\/\/hoefle-brandschutz.at\/index.php?rest_route=\/wp\/v2\/users\/1"}],"replies":[{"embeddable":true,"href":"https:\/\/hoefle-brandschutz.at\/index.php?rest_route=%2Fwp%2Fv2%2Fcomments&post=37"}],"version-history":[{"count":4,"href":"https:\/\/hoefle-brandschutz.at\/index.php?rest_route=\/wp\/v2\/pages\/37\/revisions"}],"predecessor-version":[{"id":176,"href":"https:\/\/hoefle-brandschutz.at\/index.php?rest_route=\/wp\/v2\/pages\/37\/revisions\/176"}],"wp:attachment":[{"href":"https:\/\/hoefle-brandschutz.at\/index.php?rest_route=%2Fwp%2Fv2%2Fmedia&parent=37"}],"curies":[{"name":"wp","href":"https:\/\/api.w.org\/{rel}","templated":true}]}}