{"id":152,"date":"2025-03-18T09:48:17","date_gmt":"2025-03-18T09:48:17","guid":{"rendered":"https:\/\/hoefle-brandschutz.at\/?page_id=152"},"modified":"2025-03-18T09:48:17","modified_gmt":"2025-03-18T09:48:17","slug":"datenschutz","status":"publish","type":"page","link":"https:\/\/hoefle-brandschutz.at\/?page_id=152","title":{"rendered":"Datenschutz"},"content":{"rendered":"\n<p><strong>Datenschutzerkl\u00e4rung<\/strong><strong>Datenschutzerkl\u00e4rung<\/strong><\/p>\n\n\n\n<hr class=\"wp-block-separator alignfull has-text-color has-contrast-color has-alpha-channel-opacity has-contrast-background-color has-background\"\/>\n\n\n\n<div class=\"wp-block-group is-layout-flow wp-container-core-group-is-layout-f9cb6abc wp-block-group-is-layout-flow\" style=\"margin-top:0;margin-bottom:0\">\n<p><strong>Datenschutzerkl\u00e4rung<\/strong><\/p>\n\n\n\n<p class=\"has-text-align-left\">H\u00f6fle Brandschutz verpflichtet sich, Ihre Privatsph\u00e4re zu sch\u00fctzen und verwendet hierf\u00fcr Technologien, die Ihnen zugleich leistungsf\u00e4hige und sichere Online-Nutzung erm\u00f6glichen. Diese Datenschutzerkl\u00e4rung geh\u00f6rt zu der Webseite &#8220;H\u00f6fle Brandschutz&#8221; und regelt das Erheben und Nutzen Ihrer pers\u00f6nlichen Daten. Bei Nutzung der Webseite &#8220;H\u00f6fle Brandschutz&#8221; willigen Sie in die hier beschriebenen Verfahrensweisen ein.<\/p>\n<\/div>\n\n\n\n<p><\/p>\n\n\n\n<p><\/p>\n\n\n\n<h2 class=\"wp-block-heading has-contrast-color has-text-color has-link-color wp-elements-07ec1b52883f34e5da3f1318070562c4\"><strong>Informationenlung Ihrer pers\u00f6nlichen <\/strong><\/h2>\n\n\n\n<p>H\u00f6fle Brandschutz speichert pers\u00f6nliche Daten wie E-Mail-Adresse, Name, Anschrift und Telefonnummer. H\u00f6fle Brandschutz speichert auch anonyme demografische Informationen, die Ihnen nicht eindeutig zuzuordnen sind, wie Postleitzahl, Alter, Geschlecht, Vorlieben, Interessen, Hobbies und Favoriten.<\/p>\n\n\n\n<p>Einige Angaben \u00fcber Ihre Computerhardware und Software wird automatisch von H\u00f6fle Brandschutz gesammelt, dazu geh\u00f6ren Ihre IP-Adresse, der Typ Ihres Browsers, Ihr Domain-Name, die Zugriffszeit und aufgerufene Seiten. Diese Informationen werden von H\u00f6fle Brandschutz benutzt, um die Servicequalit\u00e4t zu halten und um allgemeine Statistiken bez\u00fcglich H\u00f6fle Brandschutz zu erstellen.<\/p>\n\n\n\n<p>Bitte beachten Sie, dass pers\u00f6nliche Informationen, die sie in \u00f6ffentlich zug\u00e4nglichen Bereichen, wie G\u00e4stebuch etc. ver\u00f6ffentlichen, von anderen Benutzern missbraucht werden k\u00f6nnen.<\/p>\n\n\n\n<p>Hinweis: H\u00f6fle Brandschutz liest keinesfalls Ihre privaten Online-Kommunikation. H\u00f6fle Brandschutz fordert Sie dazu auf, die Datenschutzerkl\u00e4rung der Webseiten, auf die sie von H\u00f6fle Brandschutz verlinkt werden, zu \u00fcberpr\u00fcfen, so dass Sie wissen, wie diese Websites Ihre Informationen speichern und verwenden. H\u00f6fle Brandschutz ist nicht f\u00fcr die Datenschutzerkl\u00e4rung anderer Webseiten au\u00dferhalb von H\u00f6fle Brandschutz verantwortlich.<\/p>\n\n\n\n<h2 class=\"wp-block-heading has-contrast-color has-text-color has-link-color wp-elements-8781f09411498689dd8b071286052c30\">Verwendung Ihrer pers\u00f6nlichen Informationen<\/h2>\n\n\n\n<p>H\u00f6fle Brandschutz speichert und verwendet Ihre pers\u00f6nlichen Informationen, um die Website &#8220;H\u00f6fle Brandschutz&#8221; zu betreiben und den gew\u00fcnschten Service anzubieten. H\u00f6fle Brandschutz verwendet Ihre Informationen auch, um Sie \u00fcber neue Produkte und Leistungen von H\u00f6fle Brandschutz zu informieren. H\u00f6fle Brandschutz kann Sie auch zwecks Durchf\u00fchrung einer Marktforschung \u00fcber Ihre Meinung nach Angeboten und neue m\u00f6glichen Erweiterungen befragen.<\/p>\n\n\n\n<p>H\u00f6fle Brandschutz wird ihre Kundenliste an Dritte weder verkaufen noch vermieten. H\u00f6fle Brandschutz kann Sie von gelegentlich im Namen anderer Gesch\u00e4ftspartner \u00fcber ein spezielles Angebot informieren, das Sie vielleicht interessieren k\u00f6nnte. In diesem Fall werden Ihre pers\u00f6nlichen Angaben wie E-Mail, Name, Adresse oder Telefonnummer aber keinesfalls an einen Dritten weitergereicht.<\/p>\n\n\n\n<p>Zus\u00e4tzlich kann H\u00f6fle Brandschutz anonyme Daten mit Partnern teilen, um statistische Analysen durchzuf\u00fchren. Allen diesen Parteien ist es verboten, Ihre pers\u00f6nlichen Angaben zu verwenden, sofern sie nicht f\u00fcr das Angebot von H\u00f6fle Brandschutz benutzt werden. Dies sehen wir als erforderlich, um Ihr pers\u00f6nliches Vertrauen aufrecht zu erhalten.<\/p>\n\n\n\n<p>H\u00f6fle Brandschutz offenbart keine sensiblen pers\u00f6nlichen Informationen wie Rasse, Religion oder politische Einstellung. H\u00f6fle Brandschutz verfolgt die Spuren Ihres Besuchs innerhalb der Webseiten auf H\u00f6fle Brandschutz, um die Nutzungsfrequenz der Angebote festzustellen. Diese Daten k\u00f6nnen verwendet werden, um den Besuchern individuell angepasste Inhalt zu liefern. Dies gilt f\u00fcr Besucher, die ein spezifisches Interesse angeben.<\/p>\n\n\n\n<h2 class=\"wp-block-heading\">Herausgabe pers\u00f6nlicher Daten<\/h2>\n\n\n\n<p>Bei Vorlage einer richterlichen Anordnung wird H\u00f6fle Brandschutz Ihre pers\u00f6nliche Information an die Strafverfolgungsbeh\u00f6rden weitergeben, ohne Sie davon zu informieren. Wir behalten uns auch vor, Ihre pers\u00f6nlichen Daten f\u00fcr gerichtliche Auseinandersetzungen einzusetzen, falls wir uns dazu gezwungen sehen.<\/p>\n\n\n\n<h2 class=\"wp-block-heading has-contrast-color has-text-color has-link-color wp-elements-43d187786de0a44213ebb98a9d753718\">Verwendung von Cookies<\/h2>\n\n\n\n<p>Die Website H\u00f6fle Brandschutz verwendet Cookies, um die Nutzung zu erleichtern. Ein Cookie ist eine Textdatei, die vom Server auf Ihrer Festplatte gespeichert wird. Cookies k\u00f6nnen nicht dazu verwendet werden, Programme zu auszuf\u00fchren oder einen Virus zu verbreiten. Cookies sind Ihnen pers\u00f6nlich zugeschrieben und k\u00f6nnen nur von einem Web Server in der Domain gelesen werden, die sie selbst erstellt haben. Einer der Hauptgr\u00fcnde f\u00fcr die Verwendung von Cookies ist es, Ihnen eine komfortable Nutzung zu erm\u00f6glichen und Zeit zu sparen. Aufgabe eines Cookies ist es, dem Web-Server zu melden, dass Sie zu einer bestimmten Seite zur\u00fcckgekehrt sind. Dies gilt zum Beispiel, wenn Sie sich auf H\u00f6fle Brandschutz registrieren. Das Online-Cookie hilft H\u00f6fle Brandschutz, spezifische Informationen bei zuk\u00fcnftigen Besuchen wieder zu verwenden. Dies soll Sie bei der Eingabe Ihrer pers\u00f6nlichen Informationen, wie Rechnungs- und Lieferadresse, unterst\u00fctzen.<\/p>\n\n\n\n<p>Wenn Sie zu derselben Webseite H\u00f6fle Brandschutz zur\u00fcckkehren, sind Ihre Informationen wieder griffbereit und verf\u00fcgbar. So k\u00f6nnen die Eigenschaften von H\u00f6fle Brandschutz den Kundenw\u00fcnschen angepasst werden. Sie haben die M\u00f6glichkeit, Cookies zu akzeptieren oder zu abzulehnen. Die meisten Web-Browser akzeptieren Cookies automatisch, aber sie k\u00f6nnen Ihren Browser so einstellen, dass er nur die Cookies der von Ihnen bevorzugten Websites speichert. Falls Sie sich dazu entscheiden, Cookies zu abzulehnen, dann kann es vorkommen, dass Ihnen die Nutzung interaktiver Angebote von H\u00f6fle Brandschutz nicht m\u00f6glich ist.<\/p>\n\n\n\n<h2 class=\"wp-block-heading has-contrast-color has-text-color has-link-color wp-elements-68306fe0b27591019f835d4bbca6ca1a\">Sicherheit Ihrer pers\u00f6nlichen Informationen<\/h2>\n\n\n\n<p>H\u00f6fle Brandschutz sch\u00fctzt Ihre pers\u00f6nlichen Informationen von unerlaubten Zugriff, Verwendung oder Ver\u00f6ffentlichung. H\u00f6fle Brandschutz verwahrt hierf\u00fcr ihre pers\u00f6nlichen Informationen, die Sie auf dem Server speichern, in einer kontrollierten sicheren Umgebung, in der unerlaubter Zugriff und Ver\u00f6ffentlichung verhindert werden. Wenn sicherheitsrelevante pers\u00f6nliche Informationen wie Kreditkartennummern an andere Webseiten \u00fcbermittelt werden, werden sie durch Verschl\u00fcsselung des Protokoll &#8220;Secure Socket Layer (SSL)&#8221; gesch\u00fctzt.<\/p>\n\n\n\n<h2 class=\"wp-block-heading has-contrast-color has-text-color has-link-color wp-elements-3126d13b6929b8cec83ca9a4d33de4a2\">\u00c4nderungen dieser Erkl\u00e4rung<\/h2>\n\n\n\n<p>H\u00f6fle Brandschutz beh\u00e4lt sich das Recht vor, diese Erkl\u00e4rung bei Bedarf zu aktualisieren, um sie an Kunden-Feedback, rechtliche und gesellschaftliche Ver\u00e4nderungen anzupassen. H\u00f6fle Brandschutz wird Sie \u00fcber diese \u00c4nderungen auf der Website oder per e-Mail informieren. Die \u00c4nderungen werden g\u00fcltig, wenn sie nicht binnen vier Wochen schriftlich bei H\u00f6fle Brandschutz widersprechen.<\/p>\n\n\n\n<h2 class=\"wp-block-heading has-contrast-color has-text-color has-link-color wp-elements-719129b69e603afcb3a460bf8d19153c\">Kontakt<\/h2>\n\n\n\n<p>H\u00f6fle Brandschutz freut sich \u00fcber alle R\u00fcckmeldungen, die diese Datenschutzerkl\u00e4rung betreffen. Falls Sie Fragen und Anregungen haben, wenden Sie sich bitte an&nbsp;<a href=\"https:\/\/web.archive.org\/web\/20240911080119\/mailto:office@hoefle-brandschutz.at\">office@hoefle-brandschutz.at<\/a>, wir werden uns schnellstm\u00f6glich mit Ihnen in Verbindung setzten. Adresse und Telefonnummer f\u00fcr schriftliche oder pers\u00f6nliche Kontaktaufnahme finden Sie im Impressum der Website.<\/p>\n\n\n\n<p>H\u00f6fle Brandschutz<\/p>\n","protected":false},"excerpt":{"rendered":"<p>Datenschutzerkl\u00e4rungDatenschutzerkl\u00e4rung Datenschutzerkl\u00e4rung H\u00f6fle Brandschutz verpflichtet sich, Ihre Privatsph\u00e4re zu sch\u00fctzen und verwendet hierf\u00fcr Technologien, die Ihnen zugleich leistungsf\u00e4hige und sichere Online-Nutzung erm\u00f6glichen. Diese Datenschutzerkl\u00e4rung geh\u00f6rt zu der Webseite &#8220;H\u00f6fle Brandschutz&#8221; und regelt das Erheben und Nutzen Ihrer pers\u00f6nlichen Daten. Bei Nutzung der Webseite &#8220;H\u00f6fle Brandschutz&#8221; willigen Sie in die hier beschriebenen Verfahrensweisen ein. Informationenlung Ihrer [&hellip;]<\/p>\n","protected":false},"author":1,"featured_media":0,"parent":0,"menu_order":0,"comment_status":"closed","ping_status":"closed","template":"page-no-title","meta":{"footnotes":""},"class_list":["post-152","page","type-page","status-publish","hentry"],"_links":{"self":[{"href":"https:\/\/hoefle-brandschutz.at\/index.php?rest_route=\/wp\/v2\/pages\/152","targetHints":{"allow":["GET"]}}],"collection":[{"href":"https:\/\/hoefle-brandschutz.at\/index.php?rest_route=\/wp\/v2\/pages"}],"about":[{"href":"https:\/\/hoefle-brandschutz.at\/index.php?rest_route=\/wp\/v2\/types\/page"}],"author":[{"embeddable":true,"href":"https:\/\/hoefle-brandschutz.at\/index.php?rest_route=\/wp\/v2\/users\/1"}],"replies":[{"embeddable":true,"href":"https:\/\/hoefle-brandschutz.at\/index.php?rest_route=%2Fwp%2Fv2%2Fcomments&post=152"}],"version-history":[{"count":3,"href":"https:\/\/hoefle-brandschutz.at\/index.php?rest_route=\/wp\/v2\/pages\/152\/revisions"}],"predecessor-version":[{"id":160,"href":"https:\/\/hoefle-brandschutz.at\/index.php?rest_route=\/wp\/v2\/pages\/152\/revisions\/160"}],"wp:attachment":[{"href":"https:\/\/hoefle-brandschutz.at\/index.php?rest_route=%2Fwp%2Fv2%2Fmedia&parent=152"}],"curies":[{"name":"wp","href":"https:\/\/api.w.org\/{rel}","templated":true}]}}