{"id":11,"date":"2025-03-11T12:01:10","date_gmt":"2025-03-11T12:01:10","guid":{"rendered":"https:\/\/hoefle-brandschutz.at\/?page_id=11"},"modified":"2025-03-25T08:31:32","modified_gmt":"2025-03-25T08:31:32","slug":"brandabschottungen","status":"publish","type":"page","link":"https:\/\/hoefle-brandschutz.at\/?page_id=11","title":{"rendered":"Brandabschottungen"},"content":{"rendered":"\n<hr class=\"wp-block-separator has-text-color has-base-color has-alpha-channel-opacity has-base-background-color has-background\"\/>\n\n\n\n<hr class=\"wp-block-separator has-text-color has-base-color has-alpha-channel-opacity has-base-background-color has-background\"\/>\n\n\n\n<h2 class=\"wp-block-heading alignfull has-text-align-center is-style-text-subtitle has-contrast-color has-text-color has-link-color wp-elements-61f9f5e707148d1fc547d6f89ec9a82e is-style-text-subtitle--1\" style=\"border-style:none;border-width:0px;border-radius:0px;font-size:clamp(0.875rem, 0.875rem + ((1vw - 0.2rem) * 0.667), 1.3rem);\"><strong>&#8220;Brandabschottungen sind schon in der Planungsphase wichtig!&#8221;<\/strong><\/h2>\n\n\n\n<hr class=\"wp-block-separator alignfull has-text-color has-contrast-color has-alpha-channel-opacity has-contrast-background-color has-background\"\/>\n\n\n\n<p><\/p>\n\n\n\n<div class=\"wp-block-group alignfull is-horizontal is-content-justification-center is-nowrap is-layout-flex wp-container-core-group-is-layout-2256e7f1 wp-block-group-is-layout-flex\">\n<p class=\"has-text-align-center has-contrast-color has-text-color has-link-color wp-elements-067f27f64e44b50584d6a0cb9a8da810\" style=\"border-radius:0px;font-size:clamp(18.959px, 1.185rem + ((1vw - 3.2px) * 1.082), 30px);\"><strong>Beratung &#8211; Planung &#8211; Ausf\u00fchrung &#8211; Dokumentation&nbsp;&#8211; Best\u00e4tigung<\/strong><\/p>\n\n\n\n<p><\/p>\n<\/div>\n\n\n\n<p><\/p>\n\n\n\n<div class=\"wp-block-group alignwide is-nowrap is-layout-flex wp-container-core-group-is-layout-6c531013 wp-block-group-is-layout-flex\">\n<p class=\"has-text-align-center has-text-color has-link-color wp-elements-e02963192da68376829ef99fc65e017c\" style=\"color:#8a6868\"><strong><em>Bei Brandabschottungen handelt es sich um die \u00e4lteste und wirksamste Ma\u00dfnahme des vorbeugenden baulichen Brandschutzes<\/em><\/strong><\/p>\n<\/div>\n\n\n\n<div class=\"wp-block-group alignfull is-vertical is-content-justification-center is-layout-flex wp-container-core-group-is-layout-f9a93ed8 wp-block-group-is-layout-flex\">\n<div class=\"wp-block-group has-global-padding is-layout-constrained wp-block-group-is-layout-constrained\">\n<p class=\"has-text-align-left has-contrast-color has-text-color has-link-color wp-elements-19d3b6c21b9d369963c47314c9dce748\">Durch Brandabschottungen soll prinzipiell ein definierter Brandabschnitt als sogenannte &#8220;Brandzelle&#8221; funktionieren. D.h. einfach gesagt, die Brand &#8211; bzw. Rauchausbreitung darf&nbsp;\u00fcber&nbsp;einen bestimmten Zeitraum&nbsp;die &#8220;Brandzelle&#8221;&nbsp;nicht \u00fcberschreiten.<\/p>\n\n\n\n<p class=\"has-text-align-left\"><\/p>\n\n\n\n<p class=\"has-text-align-left has-contrast-color has-text-color has-link-color wp-elements-25dccf90ef4f2a2407c206382ec8d60c\">Da es&nbsp;f\u00fcr Brandabschottungen&nbsp;unz\u00e4hlige M\u00f6glichkeiten von Wand &#8211; und Deckendurchbr\u00fcchen mit ebenso vielen verschiedenen Durchf\u00fchrungsvarianten gibt ist eine fr\u00fchzeitige Planung zur Ausf\u00fchrung der Brandabschottungen oftmals die einzige M\u00f6glichkeit um ein&nbsp;vom Hersteller&nbsp;zertifiziertes&nbsp;Abschottungssystem fachgerecht anwenden zu k\u00f6nnen.<br>Au\u00dferdem ist es sehr wichtig eine bauliche Koordination zwischen der Fachfirma f\u00fcr den baulichen Brandschutz und allen brandabschnitts\u00fcberquerenden Gewerken zu bestimmen.<br>Je fr\u00fcher desto besser bzw. g\u00fcnstiger! Oftmals k\u00f6nnen wir&nbsp;durch fr\u00fchzeitige Begehungen auf der Baustelle einen Teil von nicht kalkuliertem Mehraufwand abwenden.<\/p>\n\n\n\n<p class=\"has-text-align-left has-contrast-color has-text-color has-link-color wp-elements-ccfbeb3c3c325cee55cf44fe4ed78567\">Der vorbeugende bauliche Brandschutz spielt bei der Errichtung von Geb\u00e4uden&nbsp; eine wesentliche Rolle. Ziel ist es, die im Brandfall drohende Ausbreitung eines Brandes sicher zu verhindern. Ob der Bauherr, der Architekt, diverse Planungsb\u00fcros oder ausf\u00fchrende Unternehmen, jeder&nbsp;kommt damit im Laufe der Bauzeit in Ber\u00fchrung.<\/p>\n\n\n\n<p class=\"has-text-align-left has-contrast-color has-text-color has-link-color wp-elements-ae2492db73a93933e69810068baa6071\">Beispiele von grunds\u00e4tzlich eigenen Brandabschnitten in einem Geb\u00e4ude:<br>Treppenhaus (bzw. Fluchtwege), Tiefgarage, Heizraum, Serverraum, sonstige Technikr\u00e4ume, Lagerr\u00e4ume<\/p>\n\n\n\n<p class=\"has-text-align-left has-contrast-color has-text-color has-link-color wp-elements-895937ac6112eb0ff145b8de4a2ade6a\">Basierend ist dieses Gewerk auf folgenden Richtlinien bzw. Normen: TRVB B108, \u00d6NORM B3800 und B3836, EN13501-1 und EN13501-2, EN 1366-3,&nbsp;sowie auf der OIB Richtlinie Abschnitt 2 &#8211; Brandschutz.<\/p>\n<\/div>\n<\/div>\n\n\n\n<div class=\"wp-block-group alignfull is-vertical is-content-justification-center is-layout-flex wp-container-core-group-is-layout-ce155fab wp-block-group-is-layout-flex\">\n<p class=\"has-text-align-left has-text-color has-link-color wp-elements-d963598a54fc7ce2667f2d586b4d7de6\" style=\"color:#916e6e\">&nbsp;<strong><em>Bei jedem&nbsp;Geb\u00e4ude das neu entsteht oder saniert wird&nbsp;m\u00fcssen diverse&nbsp;Brandabschottungen ausgef\u00fchrt werden<\/em><\/strong><\/p>\n<\/div>\n\n\n\n<p class=\"has-accent-6-color has-text-color has-link-color wp-elements-eda0c83a542596d19c5e172565e4978a\"><\/p>\n\n\n\n<div class=\"wp-block-group alignfull is-vertical is-content-justification-center is-layout-flex wp-container-core-group-is-layout-ce155fab wp-block-group-is-layout-flex\">\n<p class=\"has-contrast-color has-text-color has-link-color wp-elements-0cd3d69b855a85f75b631824dee36963\"><strong>Beispiele von ausgef\u00fchrten Brandabschottungen durch H\u00f6fle Brandschutz<\/strong>:<br><br><\/p>\n<\/div>\n\n\n\n<figure class=\"wp-block-image size-large\"><img loading=\"lazy\" decoding=\"async\" width=\"1024\" height=\"768\" src=\"https:\/\/hoefle-brandschutz.at\/wp-content\/uploads\/2025\/03\/image-21-1024x768.png\" alt=\"\" class=\"wp-image-112\" srcset=\"https:\/\/hoefle-brandschutz.at\/wp-content\/uploads\/2025\/03\/image-21-1024x768.png 1024w, https:\/\/hoefle-brandschutz.at\/wp-content\/uploads\/2025\/03\/image-21-300x225.png 300w, https:\/\/hoefle-brandschutz.at\/wp-content\/uploads\/2025\/03\/image-21-768x576.png 768w, https:\/\/hoefle-brandschutz.at\/wp-content\/uploads\/2025\/03\/image-21-1536x1152.png 1536w, https:\/\/hoefle-brandschutz.at\/wp-content\/uploads\/2025\/03\/image-21.png 1600w\" sizes=\"auto, (max-width: 1024px) 100vw, 1024px\" \/><\/figure>\n\n\n\n<p class=\"has-text-align-center has-contrast-color has-text-color has-link-color wp-elements-cea423ab81ed87cd1f29db603dcf5a48\">Weichschott mit Elektrodurchf\u00fchrungen<\/p>\n\n\n\n<figure class=\"wp-block-image size-large\"><img loading=\"lazy\" decoding=\"async\" width=\"1024\" height=\"768\" src=\"https:\/\/hoefle-brandschutz.at\/wp-content\/uploads\/2025\/03\/image-22-1024x768.png\" alt=\"\" class=\"wp-image-113\" srcset=\"https:\/\/hoefle-brandschutz.at\/wp-content\/uploads\/2025\/03\/image-22-1024x768.png 1024w, https:\/\/hoefle-brandschutz.at\/wp-content\/uploads\/2025\/03\/image-22-300x225.png 300w, https:\/\/hoefle-brandschutz.at\/wp-content\/uploads\/2025\/03\/image-22-768x576.png 768w, https:\/\/hoefle-brandschutz.at\/wp-content\/uploads\/2025\/03\/image-22-1536x1152.png 1536w, https:\/\/hoefle-brandschutz.at\/wp-content\/uploads\/2025\/03\/image-22.png 2048w\" sizes=\"auto, (max-width: 1024px) 100vw, 1024px\" \/><\/figure>\n\n\n\n<p class=\"has-text-align-center has-contrast-color has-text-color has-link-color wp-elements-ce9dbf29b0bb4f0cbaa63b11f99a5146\">M\u00f6rtelschott bei Heizungs- und Solarleitungen<\/p>\n\n\n\n<figure class=\"wp-block-image size-large\"><img loading=\"lazy\" decoding=\"async\" width=\"1024\" height=\"768\" src=\"https:\/\/hoefle-brandschutz.at\/wp-content\/uploads\/2025\/03\/image-23-1024x768.png\" alt=\"\" class=\"wp-image-114\" srcset=\"https:\/\/hoefle-brandschutz.at\/wp-content\/uploads\/2025\/03\/image-23-1024x768.png 1024w, https:\/\/hoefle-brandschutz.at\/wp-content\/uploads\/2025\/03\/image-23-300x225.png 300w, https:\/\/hoefle-brandschutz.at\/wp-content\/uploads\/2025\/03\/image-23-768x576.png 768w, https:\/\/hoefle-brandschutz.at\/wp-content\/uploads\/2025\/03\/image-23-1536x1152.png 1536w, https:\/\/hoefle-brandschutz.at\/wp-content\/uploads\/2025\/03\/image-23-2048x1536.png 2048w\" sizes=\"auto, (max-width: 1024px) 100vw, 1024px\" \/><\/figure>\n\n\n\n<p class=\"has-text-align-center has-contrast-color has-text-color has-link-color wp-elements-d7635623e13dcd3cf7870da7522c4e07\">Schaumschott<\/p>\n\n\n\n<figure class=\"wp-block-image size-large\"><img loading=\"lazy\" decoding=\"async\" width=\"1024\" height=\"768\" src=\"https:\/\/hoefle-brandschutz.at\/wp-content\/uploads\/2025\/03\/image-24-1024x768.png\" alt=\"\" class=\"wp-image-115\" srcset=\"https:\/\/hoefle-brandschutz.at\/wp-content\/uploads\/2025\/03\/image-24-1024x768.png 1024w, https:\/\/hoefle-brandschutz.at\/wp-content\/uploads\/2025\/03\/image-24-300x225.png 300w, https:\/\/hoefle-brandschutz.at\/wp-content\/uploads\/2025\/03\/image-24-768x576.png 768w, https:\/\/hoefle-brandschutz.at\/wp-content\/uploads\/2025\/03\/image-24-1536x1152.png 1536w, https:\/\/hoefle-brandschutz.at\/wp-content\/uploads\/2025\/03\/image-24.png 1574w\" sizes=\"auto, (max-width: 1024px) 100vw, 1024px\" \/><\/figure>\n\n\n\n<p class=\"has-text-align-center has-contrast-color has-text-color has-link-color wp-elements-7c2da7a3a69a2f4284b10b18b5157f90\">M\u00f6rtelschott mit erg\u00e4nzender Kabelh\u00fclse zur Nachbelegung<\/p>\n\n\n\n<figure class=\"wp-block-image size-large\"><img loading=\"lazy\" decoding=\"async\" width=\"1024\" height=\"768\" src=\"https:\/\/hoefle-brandschutz.at\/wp-content\/uploads\/2025\/03\/image-25-1024x768.png\" alt=\"\" class=\"wp-image-116\" srcset=\"https:\/\/hoefle-brandschutz.at\/wp-content\/uploads\/2025\/03\/image-25-1024x768.png 1024w, https:\/\/hoefle-brandschutz.at\/wp-content\/uploads\/2025\/03\/image-25-300x225.png 300w, https:\/\/hoefle-brandschutz.at\/wp-content\/uploads\/2025\/03\/image-25-768x576.png 768w, https:\/\/hoefle-brandschutz.at\/wp-content\/uploads\/2025\/03\/image-25-1536x1152.png 1536w, https:\/\/hoefle-brandschutz.at\/wp-content\/uploads\/2025\/03\/image-25.png 2048w\" sizes=\"auto, (max-width: 1024px) 100vw, 1024px\" \/><\/figure>\n\n\n\n<p class=\"has-text-align-center has-contrast-color has-text-color has-link-color wp-elements-21ad27f13f9ac6ca37550ea90434de0a\">Kabelmanschetten<\/p>\n\n\n\n<figure class=\"wp-block-image size-large\"><img loading=\"lazy\" decoding=\"async\" width=\"1024\" height=\"768\" src=\"https:\/\/hoefle-brandschutz.at\/wp-content\/uploads\/2025\/03\/image-26-1024x768.png\" alt=\"\" class=\"wp-image-117\" srcset=\"https:\/\/hoefle-brandschutz.at\/wp-content\/uploads\/2025\/03\/image-26-1024x768.png 1024w, https:\/\/hoefle-brandschutz.at\/wp-content\/uploads\/2025\/03\/image-26-300x225.png 300w, https:\/\/hoefle-brandschutz.at\/wp-content\/uploads\/2025\/03\/image-26-768x576.png 768w, https:\/\/hoefle-brandschutz.at\/wp-content\/uploads\/2025\/03\/image-26-1536x1152.png 1536w, https:\/\/hoefle-brandschutz.at\/wp-content\/uploads\/2025\/03\/image-26.png 1600w\" sizes=\"auto, (max-width: 1024px) 100vw, 1024px\" \/><\/figure>\n\n\n\n<p class=\"has-text-align-center has-contrast-color has-text-color has-link-color wp-elements-312c3ca8edbdfd24f0ac8113f3a0a8bc\">Stahls\u00e4ulenverkleidungen mit Brandschutzplatten-Systemen von &#8220;Promat&#8221;<\/p>\n\n\n\n<figure class=\"wp-block-image size-large\"><img loading=\"lazy\" decoding=\"async\" width=\"1024\" height=\"768\" src=\"https:\/\/hoefle-brandschutz.at\/wp-content\/uploads\/2025\/03\/image-27-1024x768.png\" alt=\"\" class=\"wp-image-118\" srcset=\"https:\/\/hoefle-brandschutz.at\/wp-content\/uploads\/2025\/03\/image-27-1024x768.png 1024w, https:\/\/hoefle-brandschutz.at\/wp-content\/uploads\/2025\/03\/image-27-300x225.png 300w, https:\/\/hoefle-brandschutz.at\/wp-content\/uploads\/2025\/03\/image-27-768x576.png 768w, https:\/\/hoefle-brandschutz.at\/wp-content\/uploads\/2025\/03\/image-27-1536x1152.png 1536w, https:\/\/hoefle-brandschutz.at\/wp-content\/uploads\/2025\/03\/image-27.png 1600w\" sizes=\"auto, (max-width: 1024px) 100vw, 1024px\" \/><\/figure>\n\n\n\n<p class=\"has-text-align-center has-contrast-color has-text-color has-link-color wp-elements-b8f0fc55ad76970447cc8f84e4df9bcb\">Verkleidung einer vorgesetzten&nbsp;Brandschutzklappe<\/p>\n\n\n\n<figure class=\"wp-block-image size-large\"><img loading=\"lazy\" decoding=\"async\" width=\"1024\" height=\"768\" src=\"https:\/\/hoefle-brandschutz.at\/wp-content\/uploads\/2025\/03\/image-28-1024x768.png\" alt=\"\" class=\"wp-image-119\" srcset=\"https:\/\/hoefle-brandschutz.at\/wp-content\/uploads\/2025\/03\/image-28-1024x768.png 1024w, https:\/\/hoefle-brandschutz.at\/wp-content\/uploads\/2025\/03\/image-28-300x225.png 300w, https:\/\/hoefle-brandschutz.at\/wp-content\/uploads\/2025\/03\/image-28-768x576.png 768w, https:\/\/hoefle-brandschutz.at\/wp-content\/uploads\/2025\/03\/image-28-1536x1152.png 1536w, https:\/\/hoefle-brandschutz.at\/wp-content\/uploads\/2025\/03\/image-28.png 1600w\" sizes=\"auto, (max-width: 1024px) 100vw, 1024px\" \/><\/figure>\n\n\n\n<p class=\"has-text-align-center has-contrast-color has-text-color has-link-color wp-elements-33b0a421b2ad0652ff5f839c2f7986a0\">Sonderkonstruktion Verbau mit Brandschutzplatten von Promat<\/p>\n\n\n\n<figure class=\"wp-block-image size-large\"><img loading=\"lazy\" decoding=\"async\" width=\"1024\" height=\"575\" src=\"https:\/\/hoefle-brandschutz.at\/wp-content\/uploads\/2025\/03\/image-29-1024x575.png\" alt=\"\" class=\"wp-image-120\" srcset=\"https:\/\/hoefle-brandschutz.at\/wp-content\/uploads\/2025\/03\/image-29-1024x575.png 1024w, https:\/\/hoefle-brandschutz.at\/wp-content\/uploads\/2025\/03\/image-29-300x169.png 300w, https:\/\/hoefle-brandschutz.at\/wp-content\/uploads\/2025\/03\/image-29-768x432.png 768w, https:\/\/hoefle-brandschutz.at\/wp-content\/uploads\/2025\/03\/image-29-1536x863.png 1536w, https:\/\/hoefle-brandschutz.at\/wp-content\/uploads\/2025\/03\/image-29-2048x1151.png 2048w\" sizes=\"auto, (max-width: 1024px) 100vw, 1024px\" \/><\/figure>\n\n\n\n<p class=\"has-text-align-center has-contrast-color has-text-color has-link-color wp-elements-c948988125c36b1c4a86c81584eb6fa4\">Herstellung selbstst\u00e4ndiger L\u00fcftungskan\u00e4le<\/p>\n\n\n\n<p><\/p>\n","protected":false},"excerpt":{"rendered":"<p>&#8220;Brandabschottungen sind schon in der Planungsphase wichtig!&#8221; Beratung &#8211; Planung &#8211; Ausf\u00fchrung &#8211; Dokumentation&nbsp;&#8211; Best\u00e4tigung Bei Brandabschottungen handelt es sich um die \u00e4lteste und wirksamste Ma\u00dfnahme des vorbeugenden baulichen Brandschutzes Durch Brandabschottungen soll prinzipiell ein definierter Brandabschnitt als sogenannte &#8220;Brandzelle&#8221; funktionieren. D.h. einfach gesagt, die Brand &#8211; bzw. Rauchausbreitung darf&nbsp;\u00fcber&nbsp;einen bestimmten Zeitraum&nbsp;die &#8220;Brandzelle&#8221;&nbsp;nicht \u00fcberschreiten. Da [&hellip;]<\/p>\n","protected":false},"author":1,"featured_media":0,"parent":0,"menu_order":0,"comment_status":"closed","ping_status":"closed","template":"page-no-title","meta":{"footnotes":""},"class_list":["post-11","page","type-page","status-publish","hentry"],"_links":{"self":[{"href":"https:\/\/hoefle-brandschutz.at\/index.php?rest_route=\/wp\/v2\/pages\/11","targetHints":{"allow":["GET"]}}],"collection":[{"href":"https:\/\/hoefle-brandschutz.at\/index.php?rest_route=\/wp\/v2\/pages"}],"about":[{"href":"https:\/\/hoefle-brandschutz.at\/index.php?rest_route=\/wp\/v2\/types\/page"}],"author":[{"embeddable":true,"href":"https:\/\/hoefle-brandschutz.at\/index.php?rest_route=\/wp\/v2\/users\/1"}],"replies":[{"embeddable":true,"href":"https:\/\/hoefle-brandschutz.at\/index.php?rest_route=%2Fwp%2Fv2%2Fcomments&post=11"}],"version-history":[{"count":5,"href":"https:\/\/hoefle-brandschutz.at\/index.php?rest_route=\/wp\/v2\/pages\/11\/revisions"}],"predecessor-version":[{"id":183,"href":"https:\/\/hoefle-brandschutz.at\/index.php?rest_route=\/wp\/v2\/pages\/11\/revisions\/183"}],"wp:attachment":[{"href":"https:\/\/hoefle-brandschutz.at\/index.php?rest_route=%2Fwp%2Fv2%2Fmedia&parent=11"}],"curies":[{"name":"wp","href":"https:\/\/api.w.org\/{rel}","templated":true}]}}